{"id":142,"date":"2009-12-11T00:32:51","date_gmt":"2009-12-11T00:32:51","guid":{"rendered":"http:\/\/localhost\/wordpress\/?page_id=142"},"modified":"2022-06-27T10:57:10","modified_gmt":"2022-06-27T10:57:10","slug":"partneri-i-distributeripartners-and-distributorspartner-und-distributoren","status":"publish","type":"page","link":"https:\/\/www.cyberdine.hr\/?page_id=142","title":{"rendered":"Distributors"},"content":{"rendered":"\t\t<div data-elementor-type=\"wp-page\" data-elementor-id=\"142\" class=\"elementor elementor-142\">\n\t\t\t\t\t\t\t\t\t<section class=\"elementor-section elementor-top-section elementor-element elementor-element-60e6d8ce elementor-section-boxed elementor-section-height-default elementor-section-height-default\" data-id=\"60e6d8ce\" data-element_type=\"section\">\n\t\t\t\t\t\t<div class=\"elementor-container elementor-column-gap-default\">\n\t\t\t\t\t<div class=\"elementor-column elementor-col-100 elementor-top-column elementor-element elementor-element-6f97bed7\" data-id=\"6f97bed7\" data-element_type=\"column\">\n\t\t\t<div class=\"elementor-widget-wrap elementor-element-populated\">\n\t\t\t\t\t\t\t\t<div class=\"elementor-element elementor-element-2fffa835 elementor-widget elementor-widget-text-editor\" data-id=\"2fffa835\" data-element_type=\"widget\" data-widget_type=\"text-editor.default\">\n\t\t\t\t<div class=\"elementor-widget-container\">\n\t\t\t\t\t\t\t<p><span style=\"color: #ff0000;\"><strong>AUSTRIA<\/strong><\/span><\/p><hr \/><p><strong>A und S A.u.S. Spielger\u00e4te Ges.m.b.H.<\/strong> Scheydgasse 48, A-1210 Wien Austria Tel. +43 1 271 66 00 66 Fax. +43 1 271 66 00 75 E-Mail\u00a0<a href=\"mailto:verkauf@aus.at\">verkauf(@)aus.at<\/a>\u00a0<a href=\"http:\/\/www.aus.at\">www.aus.at<\/a><\/p><hr \/><p><strong>PROGAMES<\/strong> Grazerstra\u00dfe 207 A-8430 Kaindorf\/Sulm <a href=\"mailto:info@progames.at\">info@progames.at\u00a0<\/a><a href=\"http:\/\/www.progames.at\">www.progames.at<\/a> Tel.: +43(0)3452-86105-0 Fax: +43(0)3452-86570<\/p><hr \/><p><strong><span class=\"ff1 cf2 fs44\">TUTSCH Ges.m.b.H\u00a0<\/span><\/strong><span class=\"fs28 ff1 cf2\">Wiedner Hauptstra\u00dfe 87 A &#8211; 1050 Wien Austria\u00a0<\/span><span class=\"fs24 ff1 cf2\">Tel: +43-1-5454392 Fax: +43-1-5457642\u00a0<\/span><span class=\"fs28 ff1 cf2\">info@tutsch.at<\/span> <a href=\"http:\/\/www.tutsch.at\">www.tutsch.at<\/a><\/p><hr \/><p><strong> Futuredart<\/strong> Landschachersiedlung 7\/2 A- 8720 Knittelfeld Austria +43(0)681-20612270 <a class=\"moz-txt-link-freetext\" href=\"mailto:kontakt@futuredart.at\">kontakt@futuredart.at<\/a> <a class=\"\" href=\"http:\/\/www.futuredart.at\">www.futuredart.at<\/a><\/p><hr \/><p><span style=\"color: #ff0000;\"><strong>BELGIUM:\u00a0<\/strong><\/span><\/p><hr \/><p><strong>SEEBEN<\/strong>,\u00a0Avenue du Parc 22,\u00a04650 Chaineux +32(0)87.31.50.50 <a href=\"http:\/\/www.seeben.com\">www.seeben.com<\/a><\/p><hr \/><hr \/><p><strong><span style=\"color: #ff0000;\">CZECH REPUBLIC<\/span>: <\/strong><\/p><hr \/><p><strong>VME spol.s r.o.<\/strong>, V Chotejn\u011b 700\/7,\u00a0102 00 PRAHA 10,\u00a0<a href=\"mailto:cyberdine@volny.cz\">cyberdine@volny.cz<\/a>, TEL:+420 603 199 509<\/p><hr \/><hr \/><p><span style=\"color: #ff0000;\"><strong>BOSNIA AND HERZEGOVINA:\u00a0<\/strong><\/span><\/p><hr \/><p><strong>CIMEX 1987 d.o.o.<\/strong>, Mostar, +387 (0) 63-408-446, <a href=\"mailto:dankokresic@gmail.com\">dankokresic@gmail.com<\/a><\/p><hr \/><p><strong>FAEMA d.o.o<\/strong>. Ora\u0161je,\u00a0<span class=\"contact-emailto\"><a href=\"mailto:faema@tel.net.ba\">faema@tel.net.ba<\/a>\u00a0<\/span><span class=\"contact-fax\">\u00a0<\/span><span class=\"contact-mobile\">+387(0)63-341-777<\/span><\/p><p class=\"western\"><span style=\"color: #ff0000;\"><strong>FINLAND:<\/strong><\/span><\/p><hr \/><p class=\"western\"><strong>PELIKA<\/strong>\u00a0Porraskuja 3,\u00a0FIN-01740 Vantaa, +358\u00a010 219 6464 <a href=\"http:\/\/www.pelika.net\">WWW.PELIKA.NET<\/a><\/p><hr \/><hr \/><p><span style=\"color: #ff0000;\"><strong>FRANCE \/ LUXEMBOURG:<\/strong><\/span><\/p><hr \/><p><strong>CYBERFLECH,<\/strong> <a href=\"http:\/\/jeux-ramm.fr\">jeux-ramm.fr<\/a>, RUE DE LA FONTAINE 57850 DABO, +33 6 72812399 email: <a href=\"mailto:feframm@live.fr\">feframm@live.fr<\/a><\/p><hr \/><hr \/><p><span style=\"color: #ff0000;\"><strong>GERMANY:<\/strong><\/span><\/p><hr \/><p><strong>CYBERDINE DEUTSCHLAND,<\/strong> Gewerbe-Center-G\u00f6rlitz,\u00a0Am Klinikum 7, 02828 G\u00f6rlitz,\u00a0tel. +49 (0) 15159215937,\u00a0Mail: cyberdine@mail.de<\/p><hr \/><hr \/><p><span style=\"color: #ff0000;\"><strong>HUNGARY:<\/strong><\/span><\/p><hr \/><p><strong>Darts Hungary<\/strong> Kft.\u00a01095 Budapest, V\u00e1g\u00f3h\u00edd u.30. E-mail:\u00a0<a href=\"mailto:zsolt.pal@darts.hu\">zsolt.pal@darts.hu<\/a>\u00a0Web:\u00a0<a href=\"http:\/\/www.darts.hu\/\">www.darts.hu<\/a> Tel: +36-1-3820446\u00a0Fax: +36-1-3820447\u00a0Mobil: +36-20-9475528<\/p><hr \/><hr \/><p><span style=\"color: #ff0000;\"><strong>ITALY:<\/strong><\/span><\/p><hr \/><p><strong>DASPI S.R.L.<\/strong>,\u00a0Via Luigi Galvani,\u00a0839100 Bolzano (BZ) ItaliaTel: \u00a0+39 0471 95 22 96 FAX:\u00a0+39 0471 95 23 96 E-mail:\u00a0<a href=\"mailto:vispi@vispi.it\">vispi@vispi.it<\/a>\u00a0,\u00a0<a href=\"http:\/\/www.vispi.it\">www.vispi.it<\/a>\u00a0,\u00a0<a href=\"http:\/\/www.vispishop.it\">www.vispishop.it<\/a><\/p><hr \/><hr \/><p><span style=\"color: #ff0000;\"><strong>POLAND:<\/strong><\/span><\/p><hr \/><p><strong>BitSport<\/strong>, 59-900 Zgorzelec \/ Poland, tel.+48500687768, Mail: info@dartshop.pl,\u00a0Mail: bitsport@gmx.net,\u00a0www.dartshop.pl<\/p><hr \/><hr \/><p><span style=\"color: #ff0000;\"><strong>SLOVAKIA:<\/strong><\/span><\/p><hr \/><p><strong>Barbot spol. s r.o<\/strong>.,\u00a0R\u00e1zusova 36,\u00a0977 01 Brezno dartbr@barbot.sk <a href=\"http:\/\/www.barbot.sk\">www.barbot.sk<\/a><\/p><hr \/><hr \/><p><span style=\"color: #ff0000;\"><strong>SLOVENIA:<\/strong><\/span><\/p><hr \/><p><strong>LAMBO ELEKTRONIKA d.o.o.<\/strong>,\u00a0Po\u010dehova 14c 2000 MARIBOR,\u00a0N.C. +386 (0)2 228 58 80 FAX.+386 (0)2 228 58 99 <a href=\"mailto:INFO@LAMBO-ELEKTRONIKA.SI\">info@lambo-elektronika.si<\/a>,\u00a0<a href=\"http:\/\/www.lambo-elektronika.si\">www.lambo-elektronika.si<\/a><\/p><hr \/><hr \/><p><span style=\"color: #ff0000;\"><strong>SWITZERLAND:\u00a0<\/strong><\/span><\/p><hr \/><p><strong>ROGER VOLKEN<\/strong>, +41 794490636,\u00a0<a href=\"mailto:roger.volken@rhone.ch\">roger.volken@rhone.ch<\/a>,<\/p><hr \/><p><span style=\"color: #ff0000;\"><strong>ROMANIA:\u00a0<\/strong><\/span><\/p><hr \/><p><strong><span lang=\"DE-AT\">S.C. Tat Biliard srl<\/span><\/strong>,<\/p><p>Pictor Alexandru Romano street no.10, 023965 Bucharest, Distr. 2,Romania,<\/p><p><span lang=\"EN-GB\"> +40744553784<\/span>, <span lang=\"EN-GB\"><a href=\"mailto:florin.tat@tatbiliard.ro\">florin.tat@tatbiliard.ro<\/a><\/span><\/p><p><a href=\"https:\/\/www.tatbiliard.ro\">https:\/\/www.tatbiliard.ro<\/a><\/p>\t\t\t\t\t\t<\/div>\n\t\t\t\t<\/div>\n\t\t\t\t\t<\/div>\n\t\t<\/div>\n\t\t\t\t\t\t\t<\/div>\n\t\t<\/section>\n\t\t\t\t\t\t\t<\/div>\n\t\t","protected":false},"excerpt":{"rendered":"<p>AUSTRIA A und S A.u.S. Spielger\u00e4te Ges.m.b.H. Scheydgasse 48, A-1210 Wien Austria Tel. +43 1 271 66 00 66 Fax. +43 1 271 66 00 75 E-Mail\u00a0verkauf(@)aus.at\u00a0www.aus.at PROGAMES Grazerstra\u00dfe 207 A-8430 Kaindorf\/Sulm info@progames.at\u00a0www.progames.at Tel.: +43(0)3452-86105-0 Fax: +43(0)3452-86570 TUTSCH Ges.m.b.H\u00a0Wiedner Hauptstra\u00dfe 87 A &#8211; 1050 Wien Austria\u00a0Tel: +43-1-5454392 Fax: +43-1-5457642\u00a0info@tutsch.at www.tutsch.at Futuredart Landschachersiedlung 7\/2 A- 8720&hellip; <br \/> <a class=\"read-more\" href=\"https:\/\/www.cyberdine.hr\/?page_id=142\">Read more<\/a><\/p>\n","protected":false},"author":2,"featured_media":0,"parent":0,"menu_order":3,"comment_status":"open","ping_status":"open","template":"","meta":{"ngg_post_thumbnail":0},"yoast_head":"<!-- This site is optimized with the Yoast SEO plugin v20.5 - https:\/\/yoast.com\/wordpress\/plugins\/seo\/ -->\n<title>Distributors - Cyberdine Darts<\/title>\n<meta name=\"robots\" content=\"index, follow, max-snippet:-1, max-image-preview:large, max-video-preview:-1\" \/>\n<link rel=\"canonical\" href=\"https:\/\/www.cyberdine.hr\/?page_id=142\" \/>\n<meta property=\"og:locale\" content=\"en_US\" \/>\n<meta property=\"og:type\" content=\"article\" \/>\n<meta property=\"og:title\" content=\"Distributors - Cyberdine Darts\" \/>\n<meta property=\"og:description\" content=\"AUSTRIA A und S A.u.S. Spielger\u00e4te Ges.m.b.H. Scheydgasse 48, A-1210 Wien Austria Tel. +43 1 271 66 00 66 Fax. +43 1 271 66 00 75 E-Mail\u00a0verkauf(@)aus.at\u00a0www.aus.at PROGAMES Grazerstra\u00dfe 207 A-8430 Kaindorf\/Sulm info@progames.at\u00a0www.progames.at Tel.: +43(0)3452-86105-0 Fax: +43(0)3452-86570 TUTSCH Ges.m.b.H\u00a0Wiedner Hauptstra\u00dfe 87 A &#8211; 1050 Wien Austria\u00a0Tel: +43-1-5454392 Fax: +43-1-5457642\u00a0info@tutsch.at www.tutsch.at Futuredart Landschachersiedlung 7\/2 A- 8720&hellip; Read more\" \/>\n<meta property=\"og:url\" content=\"https:\/\/www.cyberdine.hr\/?page_id=142\" \/>\n<meta property=\"og:site_name\" content=\"Cyberdine Darts\" \/>\n<meta property=\"article:publisher\" content=\"https:\/\/www.facebook.com\/GoldenDarts\" \/>\n<meta property=\"article:modified_time\" content=\"2022-06-27T10:57:10+00:00\" \/>\n<meta name=\"twitter:card\" content=\"summary_large_image\" \/>\n<meta name=\"twitter:label1\" content=\"Est. reading time\" \/>\n\t<meta name=\"twitter:data1\" content=\"1 minute\" \/>\n<script type=\"application\/ld+json\" class=\"yoast-schema-graph\">{\"@context\":\"https:\/\/schema.org\",\"@graph\":[{\"@type\":\"WebPage\",\"@id\":\"https:\/\/www.cyberdine.hr\/?page_id=142\",\"url\":\"https:\/\/www.cyberdine.hr\/?page_id=142\",\"name\":\"Distributors - Cyberdine Darts\",\"isPartOf\":{\"@id\":\"https:\/\/www.cyberdine.hr\/#website\"},\"datePublished\":\"2009-12-11T00:32:51+00:00\",\"dateModified\":\"2022-06-27T10:57:10+00:00\",\"breadcrumb\":{\"@id\":\"https:\/\/www.cyberdine.hr\/?page_id=142#breadcrumb\"},\"inLanguage\":\"en-US\",\"potentialAction\":[{\"@type\":\"ReadAction\",\"target\":[\"https:\/\/www.cyberdine.hr\/?page_id=142\"]}]},{\"@type\":\"BreadcrumbList\",\"@id\":\"https:\/\/www.cyberdine.hr\/?page_id=142#breadcrumb\",\"itemListElement\":[{\"@type\":\"ListItem\",\"position\":1,\"name\":\"Home\",\"item\":\"https:\/\/www.cyberdine.hr\/\"},{\"@type\":\"ListItem\",\"position\":2,\"name\":\"Distributors\"}]},{\"@type\":\"WebSite\",\"@id\":\"https:\/\/www.cyberdine.hr\/#website\",\"url\":\"https:\/\/www.cyberdine.hr\/\",\"name\":\"Cyberdine Darts\",\"description\":\"\",\"publisher\":{\"@id\":\"https:\/\/www.cyberdine.hr\/#organization\"},\"potentialAction\":[{\"@type\":\"SearchAction\",\"target\":{\"@type\":\"EntryPoint\",\"urlTemplate\":\"https:\/\/www.cyberdine.hr\/?s={search_term_string}\"},\"query-input\":\"required name=search_term_string\"}],\"inLanguage\":\"en-US\"},{\"@type\":\"Organization\",\"@id\":\"https:\/\/www.cyberdine.hr\/#organization\",\"name\":\"Cyberdine Darts\",\"url\":\"https:\/\/www.cyberdine.hr\/\",\"logo\":{\"@type\":\"ImageObject\",\"inLanguage\":\"en-US\",\"@id\":\"https:\/\/www.cyberdine.hr\/#\/schema\/logo\/image\/\",\"url\":\"https:\/\/www.cyberdine.hr\/wp-content\/uploads\/2021\/02\/cropped-g4590-2.png\",\"contentUrl\":\"https:\/\/www.cyberdine.hr\/wp-content\/uploads\/2021\/02\/cropped-g4590-2.png\",\"width\":361,\"height\":138,\"caption\":\"Cyberdine Darts\"},\"image\":{\"@id\":\"https:\/\/www.cyberdine.hr\/#\/schema\/logo\/image\/\"},\"sameAs\":[\"https:\/\/www.facebook.com\/GoldenDarts\"]}]}<\/script>\n<!-- \/ Yoast SEO plugin. -->","yoast_head_json":{"title":"Distributors - Cyberdine Darts","robots":{"index":"index","follow":"follow","max-snippet":"max-snippet:-1","max-image-preview":"max-image-preview:large","max-video-preview":"max-video-preview:-1"},"canonical":"https:\/\/www.cyberdine.hr\/?page_id=142","og_locale":"en_US","og_type":"article","og_title":"Distributors - Cyberdine Darts","og_description":"AUSTRIA A und S A.u.S. Spielger\u00e4te Ges.m.b.H. Scheydgasse 48, A-1210 Wien Austria Tel. +43 1 271 66 00 66 Fax. +43 1 271 66 00 75 E-Mail\u00a0verkauf(@)aus.at\u00a0www.aus.at PROGAMES Grazerstra\u00dfe 207 A-8430 Kaindorf\/Sulm info@progames.at\u00a0www.progames.at Tel.: +43(0)3452-86105-0 Fax: +43(0)3452-86570 TUTSCH Ges.m.b.H\u00a0Wiedner Hauptstra\u00dfe 87 A &#8211; 1050 Wien Austria\u00a0Tel: +43-1-5454392 Fax: +43-1-5457642\u00a0info@tutsch.at www.tutsch.at Futuredart Landschachersiedlung 7\/2 A- 8720&hellip; Read more","og_url":"https:\/\/www.cyberdine.hr\/?page_id=142","og_site_name":"Cyberdine Darts","article_publisher":"https:\/\/www.facebook.com\/GoldenDarts","article_modified_time":"2022-06-27T10:57:10+00:00","twitter_card":"summary_large_image","twitter_misc":{"Est. reading time":"1 minute"},"schema":{"@context":"https:\/\/schema.org","@graph":[{"@type":"WebPage","@id":"https:\/\/www.cyberdine.hr\/?page_id=142","url":"https:\/\/www.cyberdine.hr\/?page_id=142","name":"Distributors - Cyberdine Darts","isPartOf":{"@id":"https:\/\/www.cyberdine.hr\/#website"},"datePublished":"2009-12-11T00:32:51+00:00","dateModified":"2022-06-27T10:57:10+00:00","breadcrumb":{"@id":"https:\/\/www.cyberdine.hr\/?page_id=142#breadcrumb"},"inLanguage":"en-US","potentialAction":[{"@type":"ReadAction","target":["https:\/\/www.cyberdine.hr\/?page_id=142"]}]},{"@type":"BreadcrumbList","@id":"https:\/\/www.cyberdine.hr\/?page_id=142#breadcrumb","itemListElement":[{"@type":"ListItem","position":1,"name":"Home","item":"https:\/\/www.cyberdine.hr\/"},{"@type":"ListItem","position":2,"name":"Distributors"}]},{"@type":"WebSite","@id":"https:\/\/www.cyberdine.hr\/#website","url":"https:\/\/www.cyberdine.hr\/","name":"Cyberdine Darts","description":"","publisher":{"@id":"https:\/\/www.cyberdine.hr\/#organization"},"potentialAction":[{"@type":"SearchAction","target":{"@type":"EntryPoint","urlTemplate":"https:\/\/www.cyberdine.hr\/?s={search_term_string}"},"query-input":"required name=search_term_string"}],"inLanguage":"en-US"},{"@type":"Organization","@id":"https:\/\/www.cyberdine.hr\/#organization","name":"Cyberdine Darts","url":"https:\/\/www.cyberdine.hr\/","logo":{"@type":"ImageObject","inLanguage":"en-US","@id":"https:\/\/www.cyberdine.hr\/#\/schema\/logo\/image\/","url":"https:\/\/www.cyberdine.hr\/wp-content\/uploads\/2021\/02\/cropped-g4590-2.png","contentUrl":"https:\/\/www.cyberdine.hr\/wp-content\/uploads\/2021\/02\/cropped-g4590-2.png","width":361,"height":138,"caption":"Cyberdine Darts"},"image":{"@id":"https:\/\/www.cyberdine.hr\/#\/schema\/logo\/image\/"},"sameAs":["https:\/\/www.facebook.com\/GoldenDarts"]}]}},"_links":{"self":[{"href":"https:\/\/www.cyberdine.hr\/index.php?rest_route=\/wp\/v2\/pages\/142"}],"collection":[{"href":"https:\/\/www.cyberdine.hr\/index.php?rest_route=\/wp\/v2\/pages"}],"about":[{"href":"https:\/\/www.cyberdine.hr\/index.php?rest_route=\/wp\/v2\/types\/page"}],"author":[{"embeddable":true,"href":"https:\/\/www.cyberdine.hr\/index.php?rest_route=\/wp\/v2\/users\/2"}],"replies":[{"embeddable":true,"href":"https:\/\/www.cyberdine.hr\/index.php?rest_route=%2Fwp%2Fv2%2Fcomments&post=142"}],"version-history":[{"count":87,"href":"https:\/\/www.cyberdine.hr\/index.php?rest_route=\/wp\/v2\/pages\/142\/revisions"}],"predecessor-version":[{"id":3371,"href":"https:\/\/www.cyberdine.hr\/index.php?rest_route=\/wp\/v2\/pages\/142\/revisions\/3371"}],"wp:attachment":[{"href":"https:\/\/www.cyberdine.hr\/index.php?rest_route=%2Fwp%2Fv2%2Fmedia&parent=142"}],"curies":[{"name":"wp","href":"https:\/\/api.w.org\/{rel}","templated":true}]}}